{"id":3,"date":"2020-03-26T12:43:15","date_gmt":"2020-03-26T11:43:15","guid":{"rendered":"http:\/\/adven-transition.com\/?page_id=3"},"modified":"2023-08-24T10:36:50","modified_gmt":"2023-08-24T08:36:50","slug":"politique-de-protection-des-donnees-personnelles","status":"publish","type":"page","link":"https:\/\/adven-transition.com\/fr\/politique-de-protection-des-donnees-personnelles\/","title":{"rendered":"Politique de protection des donn\u00e9es personnelles"},"content":{"rendered":"<div class=\"wpb-content-wrapper\"><div      class=\"vc_row wpb_row section vc_row-fluid  vc_custom_1602837819673 grid_section\" style=' text-align:left;'><div class=\" section_inner clearfix\"><div class='section_inner_margin clearfix'><div class=\"wpb_column vc_column_container vc_col-sm-12\"><div class=\"vc_column-inner\"><div class=\"wpb_wrapper\">\n\t<div class=\"wpb_text_column wpb_content_element \">\n\t\t<div class=\"wpb_wrapper\">\n\t\t\t<p><u><b>POLITIQUE DE PROTECTION DES DONN\u00c9ES\u00a0PERSONNELLES<\/b><\/u><\/p>\n<p><strong>\u00a0<\/strong><\/p>\n<p>La pr\u00e9sente Politique de Protection des Donn\u00e9es Personnelles informe les internautes sur les pratiques mises en \u0153uvre par ADVEN TRANSITION dans le cadre de l\u2019utilisation du site internet accessible \u00e0 l\u2019adresse \u00ab <a href=\"https:\/\/adven-transition.com\"><u>https:\/\/adven-transition.com<\/u><\/a>\u00a0\u00bb (ci-apr\u00e8s d\u00e9nomm\u00e9 le site), en conformit\u00e9 avec le principe du droit au respect de la vie priv\u00e9e et avec le R\u00e8glement G\u00e9n\u00e9ral relatif \u00e0 la Protection des donn\u00e9es Personnelles (applicable depuis le 25\/05\/2018).<\/p>\n<p>&nbsp;<\/p>\n<p>Ce document compl\u00e8te les conditions g\u00e9n\u00e9rales d\u2019utilisation de notre site internet (cf. mentions l\u00e9gales).<\/p>\n<p>&nbsp;<\/p>\n<p><strong>Mineurs<br \/><\/strong>La Charte n\u2019est pas destin\u00e9e aux mineurs. Nous comprenons l\u2019importance de la protection des donn\u00e9es personnelles relatives aux mineurs, en particulier dans un environnement virtuel, et \u00e0 ce titre notre volont\u00e9 est de ne pas collecter, ni de conserver de donn\u00e9es concernant des mineurs.<\/p>\n<p>&nbsp;<\/p>\n<p><strong>Discrimination<\/strong><\/p>\n<p>ADVEN TRANSITION respecte les r\u00e8gles de d\u00e9ontologie de la profession et les dispositions l\u00e9gales en mati\u00e8re de traitement des Donn\u00e9es Personnelles afin de pr\u00e9venir tout risque de discrimination.<\/p>\n<p>Nous recommandons \u00e0 l\u2019Utilisateur de ne faire \u00e9tat d\u2019aucune information personnelle qui n\u2019aurait pas de lien avec ses comp\u00e9tences professionnelles et plus sp\u00e9cifiquement de s\u2019abstenir de toute mention ayant trait \u00e0 son origine, sa situation de famille, son \u00e9tat de sant\u00e9, ses m\u0153urs, son orientation sexuelle, ses opinions politiques, son apparence physique (photographie), ses activit\u00e9s syndicales, son appartenance ou non-appartenance \u00e0 une ethnie, une nation, une race ou \u00e0 ses convictions religieuses.<\/p>\n<p>&nbsp;<\/p>\n<p><strong>Collecte, utilisation et divulgation<\/strong><\/p>\n<p>&nbsp;<\/p>\n<ul>\n<li><strong>Formulaires de collecte<\/strong><\/li>\n<\/ul>\n<p>ADVEN TRANSITION assure que seules les donn\u00e9es strictement n\u00e9cessaires \u00e0 la r\u00e9alisation des services souscrits par l\u2019Utilisateur ne soient collect\u00e9es.<\/p>\n<p>&nbsp;<\/p>\n<p>Aussi, lorsque l\u2019Utilisateur n\u2019est qu\u2019un simple visiteur de notre site Internet, ADVEN TRANSITION ne collecte aucune donn\u00e9e personnelle le concernant.<\/p>\n<p>&nbsp;<\/p>\n<p>Cependant, lorsqu\u2019il s\u2019inscrit \u00e0 un service propos\u00e9, ADVEN TRANSITION ne collectera uniquement que les donn\u00e9es personnelles que l\u2019Utilisateur lui-m\u00eame nous communiquera via :<\/p>\n<ul>\n<li>Un formulaire de contact \u00ab Contactez-nous \u00bb, dans l\u2019onglet \u00ab Contact \u00bb de ce site internet,<\/li>\n<li>Un formulaire de candidature \u00ab Rejoignez-nous \u00bb dans l\u2019onglet \u00ab Carri\u00e8re \u00bb.<\/li>\n<\/ul>\n<p>&nbsp;<\/p>\n<ul>\n<li><strong>Donn\u00e9es collect\u00e9es<\/strong><\/li>\n<\/ul>\n<p>Dans le formulaire de contact\u00a0 \u00ab Contactez-nous \u00bb, seront obligatoirement renseign\u00e9s les donn\u00e9es personnelles suivantes :<\/p>\n<ul>\n<li>Vos nom et pr\u00e9nom<\/li>\n<li>Num\u00e9ro de t\u00e9l\u00e9phone<\/li>\n<li>Adresse email<\/li>\n<\/ul>\n<p>&nbsp;<\/p>\n<p>Dans le formulaire de candidature \u00ab Rejoignez-nous ! \u00bb , sont obligatoirement renseign\u00e9s les donn\u00e9es personnelles suivantes :<\/p>\n<ul>\n<li>Pr\u00e9nom<\/li>\n<li>Nom<\/li>\n<li>Adresse email<\/li>\n<li>Num\u00e9ro de t\u00e9l\u00e9phone<\/li>\n<li>Curriculum vitae (\u00e9tat civil, photo, formation, exp\u00e9rience professionnelle, etc.<\/li>\n<\/ul>\n<p>D\u2019autres informations li\u00e9es \u00e0 votre demande (Expertise, informations compl\u00e9mentaires) seront collect\u00e9es de mani\u00e8re facultative.<\/p>\n<p>&nbsp;<\/p>\n<ul>\n<li><strong>Finalit\u00e9 du traitement<\/strong><\/li>\n<\/ul>\n<p>Les informations pr\u00e9c\u00e9dentes sont collect\u00e9es pour<strong>\u00a0recontacter<\/strong>\u00a0<strong>l\u2019Utilisateur<\/strong>\u00a0dans les meilleurs d\u00e9lais (et dans le cas d\u2019une candidature,\u00a0<strong>identifier des missions compatibles avec son profil<\/strong>). Son consentement explicite \u00e9tant n\u00e9cessaire, une mention d\u00e9di\u00e9e \u00e0 cet effet est donc pr\u00e9sente sur les formulaires du site. L\u2019Utilisateur peut retirer son consentement \u00e0 tout moment sans que cela n\u2019impacte ses relations avec ADVEN TRANSITION.<\/p>\n<p>&nbsp;<\/p>\n<p>En revanche, ADVEN TRANSITION ne collecte pas et\/ou ne compile pas de donn\u00e9es personnelles ou d\u2019informations obtenues via ce site internet afin de les exploiter dans un but commercial, dans le cadre d\u2019op\u00e9ration marketing ou d\u2019envoi de courrier \u00e9lectronique pour le compte de tiers.<\/p>\n<p>&nbsp;<\/p>\n<p>Les informations de l\u2019Utilisateur ne seront pas non plus transf\u00e9r\u00e9es hors de l\u2019Union Europ\u00e9enne.<\/p>\n<p>&nbsp;<\/p>\n<p>Enfin, aucune d\u00e9cision ne sera prise de mani\u00e8re automatique\/automatis\u00e9e.<\/p>\n<p>&nbsp;<\/p>\n<ul>\n<li><strong>Conservation des donn\u00e9es<\/strong><\/li>\n<\/ul>\n<p>En acceptant les conditions d\u2019utilisation, l\u2019Utilisateur accepte que ses donn\u00e9es soient conserv\u00e9es au format digital dans une base de donn\u00e9es s\u00e9curis\u00e9e et exclusive.<\/p>\n<p>Ces donn\u00e9es sont conserv\u00e9es pour une dur\u00e9e de deux ans apr\u00e8s le dernier contact entre l\u2019Utilisateur et ADVEN TRANSITION.<\/p>\n<p>&nbsp;<\/p>\n<ul>\n<li><strong>Accessibilit\u00e9 et divulgation des donn\u00e9es<\/strong><\/li>\n<\/ul>\n<p>Les donn\u00e9es collect\u00e9es via le formulaire de contact sont accessibles par certains associ\u00e9s de ADVEN TRANSITION. Ils sont en charge de filtrer et de redistribuer la demande \u00e0 l\u2019interlocuteur appropri\u00e9 de ADVEN TRANSITION.<\/p>\n<p>&nbsp;<\/p>\n<p>Les donn\u00e9es collect\u00e9es via le formulaire de candidature sont accessibles par des collaborateurs internes\u00a0en charge du recrutement :<\/p>\n<ul>\n<li>Direction des Ressources Humaines<\/li>\n<li>Business managers<\/li>\n<\/ul>\n<p>&nbsp;<\/p>\n<p>Nous informons \u00e9galement que nous communiquerons les Donn\u00e9es Personnelles d\u2019un Utilisateur si la loi nous y oblige ou en vertu d\u2019une d\u00e9cision de justice.<\/p>\n<p>&nbsp;<\/p>\n<p><strong>Actualisation<\/strong><\/p>\n<p>Nous incitons l\u2019Utilisateur \u00e0 nous informer dans les plus brefs d\u00e9lais de toute modification concernant ses Donn\u00e9es Personnelles (adresse, coordonn\u00e9es, mobilit\u00e9 ou plus g\u00e9n\u00e9ralement votre situation) afin que nous maintenions votre profil \u00e0 jour en cons\u00e9quence.<\/p>\n<p>&nbsp;<\/p>\n<p><strong>Liens avec des tiers<\/strong><\/p>\n<p>Notre site Internet <a href=\"https:\/\/adven-transition.com\">https:\/\/adven-transition.com<\/a> peut contenir des liens vers d\u2019autres sites ou plateformes de r\u00e9seaux sociaux (Facebook, LinkedIn, Twitter, Instagram, Hello Talent) ne tombant pas sous le champ d\u2019application de la Charte. ADVEN TRANSITION ne peut en aucun cas \u00eatre tenu pour responsable de la fa\u00e7on dont les donn\u00e9es de l\u2019Utilisateur seront stock\u00e9es ou utilis\u00e9es sur les serveurs de tiers. Nous conseillons \u00e0 l\u2019Utilisateur de prendre connaissance de la politique applicable en mati\u00e8re de protection des donn\u00e9es personnelles de chaque site internet tiers auquel il acc\u00e9dera via notre site Internet afin d\u2019appr\u00e9cier la mani\u00e8re dont seront utilis\u00e9es ses donn\u00e9es personnelles.<\/p>\n<p>&nbsp;<\/p>\n<p>ADVEN TRANSITION peut \u00eatre amen\u00e9 \u00e0 communiquer certaines donn\u00e9es \u00e0 un partenaire \/ prestataire \/ client pour fournir \u00e0 l\u2019Utilisateur le service ou l\u2019information qu\u2019il a demand\u00e9 (pr\u00e9cis\u00e9 lors de la collecte).<\/p>\n<p>&nbsp;<\/p>\n<p><strong>Utilisation de cookies<\/strong><\/p>\n<p>Les cookies sont des petits fichiers texte plac\u00e9s et stock\u00e9s sur un ordinateur ou un smartphone \u00e0 partir duquel un utilisateur visite un site. Ces cookies enregistrent certaines informations, sous r\u00e9serve que l\u2019Utilisateur les ait accept\u00e9s.<\/p>\n<p>&nbsp;<\/p>\n<p>ADVEN TRANSITION utilise principalement des cookies pour :<\/p>\n<ul>\n<li>\u00c9tablir des statistiques et analyser les performances de notre site,<\/li>\n<li>M\u00e9moriser les pr\u00e9f\u00e9rences et les param\u00e8tres de l\u2019Utilisateur.<\/li>\n<\/ul>\n<p>&nbsp;<\/p>\n<p>Pour en savoir plus, rendez-vous dans notre section \u00ab Politique de cookies UE \u00bb.<\/p>\n<p>&nbsp;<\/p>\n<p><strong>S\u00e9curit\u00e9<\/strong><\/p>\n<p>Les donn\u00e9es \u00e0 caract\u00e8re personnel que nous collectons peuvent \u00eatre saisies et trait\u00e9es manuellement ou dans des syst\u00e8mes informatiques. Les moyens techniques mis en \u0153uvre par ADVEN TRANSITION respectent les meilleures pratiques de s\u00e9curit\u00e9 en vigueur.<\/p>\n<ul>\n<li>Les collaborateurs de ADVEN TRANSITION qui pourraient avoir y acc\u00e8s dans le cadre de leur fonction sont soumis \u00e0 un accord de confidentialit\u00e9,<\/li>\n<li>Les donn\u00e9es collect\u00e9es sont envoy\u00e9es par MICROSOFT, notre gestionnaire de messagerie depuis et vers des serveurs s\u00e9curis\u00e9s situ\u00e9s en Europe,<\/li>\n<li>Notre site est h\u00e9berg\u00e9 par la soci\u00e9t\u00e9 INFOMANIAK, sur des serveurs s\u00e9curis\u00e9s en Europe.<\/li>\n<\/ul>\n<p>&nbsp;<\/p>\n<p>Nous faisons tout notre possible pour en assurer la protection. Toutefois, Internet \u00e9tant un syst\u00e8me ouvert, ADVEN TRANSITION ne peut garantir la s\u00e9curit\u00e9 des informations que l\u2019Utilisateur nous transmet via Internet et d\u00e9gage toute responsabilit\u00e9 en cas d\u2019utilisation ill\u00e9gitime ou frauduleuse par un tiers non autoris\u00e9.<\/p>\n<p>&nbsp;<\/p>\n<p><strong>Modification de la pr\u00e9sente politique<\/strong><\/p>\n<p>ADVEN TRANSITION est susceptible de modifier la pr\u00e9sente politique. Dans ce cas, les modifications r\u00e9alis\u00e9es ne seront applicables qu\u2019\u00e0 l\u2019expiration d\u2019un d\u00e9lai de 30 jours ouvr\u00e9s \u00e0 compter de la modification.<\/p>\n<p>&nbsp;<\/p>\n<p><strong>Informatique et Libert\u00e9s<\/strong><\/p>\n<p>En application de la loi 78-17 du 6 janvier 1978 et du R\u00e8glement G\u00e9n\u00e9ral Europ\u00e9en sur la Protection des Donn\u00e9es, au sujet des donn\u00e9es personnelles vous concernant, l\u2019Utilisateur dispose de\u00a0:<\/p>\n<ul>\n<li>Un droit d\u2019acc\u00e8s,<\/li>\n<li>Un droit de modification,<\/li>\n<li>Un droit de suppression,<\/li>\n<li>Un droit de portabilit\u00e9,<\/li>\n<li>Un droit de limitation de traitement<\/li>\n<li>Un droit d\u2019opposition au traitement.<\/li>\n<\/ul>\n<p>&nbsp;<\/p>\n<p>Pour toute question ou demande compl\u00e9mentaire, merci de\u00a0:<\/p>\n<ul>\n<li>Nous \u00e9crire \u00e0\u00a0<a href=\"mailto:dpo@meotec.com\">dpo@meogroup.eu<\/a>,<\/li>\n<\/ul>\n<p>ADVEN TRANSITION s\u2019engage \u00e0 r\u00e9pondre \u00e0 toute demande d\u2019exercice de vos droits dans les d\u00e9lais l\u00e9gaux en vigueur (1 mois).<\/p>\n<ul>\n<li>Nous contacter \u00e0 l\u2019adresse suivante :<\/li>\n<\/ul>\n<p>ADVEN TRANSITION<\/p>\n<p>A l\u2019attention du\u00a0DPO<\/p>\n<p>Immeuble ILEO<\/p>\n<p>27-33 Quai Alphonse LE GALLO<\/p>\n<p>92100 Boulogne-Billancourt, France<\/p>\n<p>&nbsp;<\/p>\n<p>Vous disposez \u00e9galement d\u2019un droit de r\u00e9clamation aupr\u00e8s de la Commission Nationale de l\u2019Informatique et des Libert\u00e9s (<a href=\"http:\/\/www.cnil.fr\/\">www.cnil.fr<\/a>).<\/p>\n\n\t\t<\/div>\n\t<\/div><\/div><\/div><\/div><\/div><\/div><\/div><\/div>","protected":false},"excerpt":{"rendered":"POLITIQUE DE PROTECTION DES DONN\u00c9ES\u00a0PERSONNELLES \u00a0 La pr\u00e9sente Politique de Protection des Donn\u00e9es Personnelles informe les internautes sur les pratiques mises en \u0153uvre par ADVEN TRANSITION dans le cadre de l\u2019utilisation du site internet accessible \u00e0 l\u2019adresse \u00ab https:\/\/adven-transition.com\u00a0\u00bb (ci-apr\u00e8s d\u00e9nomm\u00e9 le site), en conformit\u00e9...","protected":false},"author":4,"featured_media":0,"parent":0,"menu_order":8,"comment_status":"closed","ping_status":"closed","template":"full_width.php","meta":{"_seopress_robots_primary_cat":"","_seopress_titles_title":"","_seopress_titles_desc":"","_seopress_robots_index":"","footnotes":""},"class_list":["post-3","page","type-page","status-publish","hentry"],"_links":{"self":[{"href":"https:\/\/adven-transition.com\/fr\/wp-json\/wp\/v2\/pages\/3","targetHints":{"allow":["GET"]}}],"collection":[{"href":"https:\/\/adven-transition.com\/fr\/wp-json\/wp\/v2\/pages"}],"about":[{"href":"https:\/\/adven-transition.com\/fr\/wp-json\/wp\/v2\/types\/page"}],"author":[{"embeddable":true,"href":"https:\/\/adven-transition.com\/fr\/wp-json\/wp\/v2\/users\/4"}],"replies":[{"embeddable":true,"href":"https:\/\/adven-transition.com\/fr\/wp-json\/wp\/v2\/comments?post=3"}],"version-history":[{"count":0,"href":"https:\/\/adven-transition.com\/fr\/wp-json\/wp\/v2\/pages\/3\/revisions"}],"wp:attachment":[{"href":"https:\/\/adven-transition.com\/fr\/wp-json\/wp\/v2\/media?parent=3"}],"curies":[{"name":"wp","href":"https:\/\/api.w.org\/{rel}","templated":true}]}}